{"id":370,"date":"2020-03-23T16:03:58","date_gmt":"2020-03-23T15:03:58","guid":{"rendered":"http:\/\/doornado.nl\/product\/370\/"},"modified":"2020-03-24T20:00:59","modified_gmt":"2020-03-24T19:00:59","slug":"doornado","status":"publish","type":"product","link":"https:\/\/doornado.nl\/de\/produkt\/doornado\/","title":{"rendered":"Doornado"},"content":{"rendered":"","protected":false},"excerpt":{"rendered":"<p>Doornado. Der farbenfrohe T\u00fcrstopper mit einem zuverl\u00e4ssigen deutschen Design. Verhindert Besch\u00e4digungen und kann auf jeder Oberfl\u00e4che verwendet werden.<\/p>\n","protected":false},"featured_media":509,"template":"","meta":{"_acf_changed":false},"product_brand":[],"product_cat":[67],"product_tag":[],"class_list":{"0":"post-370","1":"product","2":"type-product","3":"status-publish","4":"has-post-thumbnail","6":"product_cat-keine-kategorie","8":"first","9":"instock","10":"taxable","11":"shipping-taxable","12":"purchasable","13":"product-type-variable","14":"has-default-attributes"},"acf":[],"yoast_head":"<!-- This site is optimized with the Yoast SEO plugin v27.4 - https:\/\/yoast.com\/product\/yoast-seo-wordpress\/ -->\n<title>Doornado - Doornado<\/title>\n<meta name=\"robots\" content=\"index, follow, max-snippet:-1, max-image-preview:large, max-video-preview:-1\" \/>\n<link rel=\"canonical\" href=\"https:\/\/doornado.nl\/de\/produkt\/doornado\/\" \/>\n<meta property=\"og:locale\" content=\"de_DE\" \/>\n<meta property=\"og:type\" content=\"article\" \/>\n<meta property=\"og:title\" content=\"Doornado - Doornado\" \/>\n<meta property=\"og:description\" content=\"Doornado. Der farbenfrohe T\u00fcrstopper mit einem zuverl\u00e4ssigen deutschen Design. Verhindert Besch\u00e4digungen und kann auf jeder Oberfl\u00e4che verwendet werden.\" \/>\n<meta property=\"og:url\" content=\"https:\/\/doornado.nl\/de\/produkt\/doornado\/\" \/>\n<meta property=\"og:site_name\" content=\"Doornado\" \/>\n<meta property=\"article:modified_time\" content=\"2020-03-24T19:00:59+00:00\" \/>\n<meta property=\"og:image\" content=\"https:\/\/doornado.nl\/wp-content\/uploads\/2020\/03\/Doornado-Taupe.png\" \/>\n\t<meta property=\"og:image:width\" content=\"625\" \/>\n\t<meta property=\"og:image:height\" content=\"625\" \/>\n\t<meta property=\"og:image:type\" content=\"image\/png\" \/>\n<meta name=\"twitter:card\" content=\"summary_large_image\" \/>\n<script type=\"application\/ld+json\" class=\"yoast-schema-graph\">{\"@context\":\"https:\\\/\\\/schema.org\",\"@graph\":[{\"@type\":\"WebPage\",\"@id\":\"https:\\\/\\\/doornado.nl\\\/de\\\/produkt\\\/doornado\\\/\",\"url\":\"https:\\\/\\\/doornado.nl\\\/de\\\/produkt\\\/doornado\\\/\",\"name\":\"Doornado - Doornado\",\"isPartOf\":{\"@id\":\"https:\\\/\\\/doornado.nl\\\/#website\"},\"primaryImageOfPage\":{\"@id\":\"https:\\\/\\\/doornado.nl\\\/de\\\/produkt\\\/doornado\\\/#primaryimage\"},\"image\":{\"@id\":\"https:\\\/\\\/doornado.nl\\\/de\\\/produkt\\\/doornado\\\/#primaryimage\"},\"thumbnailUrl\":\"https:\\\/\\\/doornado.nl\\\/wp-content\\\/uploads\\\/2020\\\/03\\\/Doornado-Taupe.png\",\"datePublished\":\"2020-03-23T15:03:58+00:00\",\"dateModified\":\"2020-03-24T19:00:59+00:00\",\"breadcrumb\":{\"@id\":\"https:\\\/\\\/doornado.nl\\\/de\\\/produkt\\\/doornado\\\/#breadcrumb\"},\"inLanguage\":\"de\",\"potentialAction\":[{\"@type\":\"ReadAction\",\"target\":[\"https:\\\/\\\/doornado.nl\\\/de\\\/produkt\\\/doornado\\\/\"]}]},{\"@type\":\"ImageObject\",\"inLanguage\":\"de\",\"@id\":\"https:\\\/\\\/doornado.nl\\\/de\\\/produkt\\\/doornado\\\/#primaryimage\",\"url\":\"https:\\\/\\\/doornado.nl\\\/wp-content\\\/uploads\\\/2020\\\/03\\\/Doornado-Taupe.png\",\"contentUrl\":\"https:\\\/\\\/doornado.nl\\\/wp-content\\\/uploads\\\/2020\\\/03\\\/Doornado-Taupe.png\",\"width\":625,\"height\":625},{\"@type\":\"BreadcrumbList\",\"@id\":\"https:\\\/\\\/doornado.nl\\\/de\\\/produkt\\\/doornado\\\/#breadcrumb\",\"itemListElement\":[{\"@type\":\"ListItem\",\"position\":1,\"name\":\"Home\",\"item\":\"https:\\\/\\\/doornado.nl\\\/de\\\/\"},{\"@type\":\"ListItem\",\"position\":2,\"name\":\"Shop\",\"item\":\"https:\\\/\\\/doornado.nl\\\/de\\\/shop\\\/\"},{\"@type\":\"ListItem\",\"position\":3,\"name\":\"Doornado\"}]},{\"@type\":\"WebSite\",\"@id\":\"https:\\\/\\\/doornado.nl\\\/#website\",\"url\":\"https:\\\/\\\/doornado.nl\\\/\",\"name\":\"Doornado\",\"description\":\"De Design deurstopper, verkrijgbaar in 12 kleuren.\",\"publisher\":{\"@id\":\"https:\\\/\\\/doornado.nl\\\/#organization\"},\"potentialAction\":[{\"@type\":\"SearchAction\",\"target\":{\"@type\":\"EntryPoint\",\"urlTemplate\":\"https:\\\/\\\/doornado.nl\\\/?s={search_term_string}\"},\"query-input\":{\"@type\":\"PropertyValueSpecification\",\"valueRequired\":true,\"valueName\":\"search_term_string\"}}],\"inLanguage\":\"de\"},{\"@type\":\"Organization\",\"@id\":\"https:\\\/\\\/doornado.nl\\\/#organization\",\"name\":\"Doornado\",\"url\":\"https:\\\/\\\/doornado.nl\\\/\",\"logo\":{\"@type\":\"ImageObject\",\"inLanguage\":\"de\",\"@id\":\"https:\\\/\\\/doornado.nl\\\/#\\\/schema\\\/logo\\\/image\\\/\",\"url\":\"https:\\\/\\\/doornado.nl\\\/wp-content\\\/uploads\\\/2020\\\/03\\\/doornado.png\",\"contentUrl\":\"https:\\\/\\\/doornado.nl\\\/wp-content\\\/uploads\\\/2020\\\/03\\\/doornado.png\",\"width\":998,\"height\":184,\"caption\":\"Doornado\"},\"image\":{\"@id\":\"https:\\\/\\\/doornado.nl\\\/#\\\/schema\\\/logo\\\/image\\\/\"}}]}<\/script>\n<!-- \/ Yoast SEO plugin. -->","yoast_head_json":{"title":"Doornado - Doornado","robots":{"index":"index","follow":"follow","max-snippet":"max-snippet:-1","max-image-preview":"max-image-preview:large","max-video-preview":"max-video-preview:-1"},"canonical":"https:\/\/doornado.nl\/de\/produkt\/doornado\/","og_locale":"de_DE","og_type":"article","og_title":"Doornado - Doornado","og_description":"Doornado. Der farbenfrohe T\u00fcrstopper mit einem zuverl\u00e4ssigen deutschen Design. Verhindert Besch\u00e4digungen und kann auf jeder Oberfl\u00e4che verwendet werden.","og_url":"https:\/\/doornado.nl\/de\/produkt\/doornado\/","og_site_name":"Doornado","article_modified_time":"2020-03-24T19:00:59+00:00","og_image":[{"width":625,"height":625,"url":"https:\/\/doornado.nl\/wp-content\/uploads\/2020\/03\/Doornado-Taupe.png","type":"image\/png"}],"twitter_card":"summary_large_image","schema":{"@context":"https:\/\/schema.org","@graph":[{"@type":"WebPage","@id":"https:\/\/doornado.nl\/de\/produkt\/doornado\/","url":"https:\/\/doornado.nl\/de\/produkt\/doornado\/","name":"Doornado - Doornado","isPartOf":{"@id":"https:\/\/doornado.nl\/#website"},"primaryImageOfPage":{"@id":"https:\/\/doornado.nl\/de\/produkt\/doornado\/#primaryimage"},"image":{"@id":"https:\/\/doornado.nl\/de\/produkt\/doornado\/#primaryimage"},"thumbnailUrl":"https:\/\/doornado.nl\/wp-content\/uploads\/2020\/03\/Doornado-Taupe.png","datePublished":"2020-03-23T15:03:58+00:00","dateModified":"2020-03-24T19:00:59+00:00","breadcrumb":{"@id":"https:\/\/doornado.nl\/de\/produkt\/doornado\/#breadcrumb"},"inLanguage":"de","potentialAction":[{"@type":"ReadAction","target":["https:\/\/doornado.nl\/de\/produkt\/doornado\/"]}]},{"@type":"ImageObject","inLanguage":"de","@id":"https:\/\/doornado.nl\/de\/produkt\/doornado\/#primaryimage","url":"https:\/\/doornado.nl\/wp-content\/uploads\/2020\/03\/Doornado-Taupe.png","contentUrl":"https:\/\/doornado.nl\/wp-content\/uploads\/2020\/03\/Doornado-Taupe.png","width":625,"height":625},{"@type":"BreadcrumbList","@id":"https:\/\/doornado.nl\/de\/produkt\/doornado\/#breadcrumb","itemListElement":[{"@type":"ListItem","position":1,"name":"Home","item":"https:\/\/doornado.nl\/de\/"},{"@type":"ListItem","position":2,"name":"Shop","item":"https:\/\/doornado.nl\/de\/shop\/"},{"@type":"ListItem","position":3,"name":"Doornado"}]},{"@type":"WebSite","@id":"https:\/\/doornado.nl\/#website","url":"https:\/\/doornado.nl\/","name":"Doornado","description":"De Design deurstopper, verkrijgbaar in 12 kleuren.","publisher":{"@id":"https:\/\/doornado.nl\/#organization"},"potentialAction":[{"@type":"SearchAction","target":{"@type":"EntryPoint","urlTemplate":"https:\/\/doornado.nl\/?s={search_term_string}"},"query-input":{"@type":"PropertyValueSpecification","valueRequired":true,"valueName":"search_term_string"}}],"inLanguage":"de"},{"@type":"Organization","@id":"https:\/\/doornado.nl\/#organization","name":"Doornado","url":"https:\/\/doornado.nl\/","logo":{"@type":"ImageObject","inLanguage":"de","@id":"https:\/\/doornado.nl\/#\/schema\/logo\/image\/","url":"https:\/\/doornado.nl\/wp-content\/uploads\/2020\/03\/doornado.png","contentUrl":"https:\/\/doornado.nl\/wp-content\/uploads\/2020\/03\/doornado.png","width":998,"height":184,"caption":"Doornado"},"image":{"@id":"https:\/\/doornado.nl\/#\/schema\/logo\/image\/"}}]}},"_links":{"self":[{"href":"https:\/\/doornado.nl\/de\/wp-json\/wp\/v2\/product\/370","targetHints":{"allow":["GET"]}}],"collection":[{"href":"https:\/\/doornado.nl\/de\/wp-json\/wp\/v2\/product"}],"about":[{"href":"https:\/\/doornado.nl\/de\/wp-json\/wp\/v2\/types\/product"}],"wp:featuredmedia":[{"embeddable":true,"href":"https:\/\/doornado.nl\/de\/wp-json\/wp\/v2\/media\/509"}],"wp:attachment":[{"href":"https:\/\/doornado.nl\/de\/wp-json\/wp\/v2\/media?parent=370"}],"wp:term":[{"taxonomy":"product_brand","embeddable":true,"href":"https:\/\/doornado.nl\/de\/wp-json\/wp\/v2\/product_brand?post=370"},{"taxonomy":"product_cat","embeddable":true,"href":"https:\/\/doornado.nl\/de\/wp-json\/wp\/v2\/product_cat?post=370"},{"taxonomy":"product_tag","embeddable":true,"href":"https:\/\/doornado.nl\/de\/wp-json\/wp\/v2\/product_tag?post=370"}],"curies":[{"name":"wp","href":"https:\/\/api.w.org\/{rel}","templated":true}]}}